{"id":171,"date":"2018-10-31T11:30:06","date_gmt":"2018-10-31T10:30:06","guid":{"rendered":"https:\/\/eikonmetrics.fr\/?page_id=171"},"modified":"2019-05-13T10:35:02","modified_gmt":"2019-05-13T08:35:02","slug":"a-propos","status":"publish","type":"page","link":"https:\/\/eikonmetrics.fr\/index.php\/a-propos\/","title":{"rendered":"A propos"},"content":{"rendered":"<p>[et_pb_section fb_built=\u00a0\u00bb1&Prime; custom_padding_last_edited=\u00a0\u00bboff|desktop\u00a0\u00bb admin_label=\u00a0\u00bbHero\u00a0\u00bb _builder_version=\u00a0\u00bb3.22.5&Prime; use_background_color_gradient=\u00a0\u00bbon\u00a0\u00bb background_color_gradient_start=\u00a0\u00bb#00a6cb\u00a0\u00bb background_color_gradient_end=\u00a0\u00bb#20ffd3&Prime; background_color_gradient_direction=\u00a0\u00bb60deg\u00a0\u00bb box_shadow_style=\u00a0\u00bbpreset7&Prime; box_shadow_horizontal=\u00a0\u00bb0px\u00a0\u00bb box_shadow_vertical=\u00a0\u00bb0px\u00a0\u00bb box_shadow_color=\u00a0\u00bb#ffffff\u00a0\u00bb min_height=\u00a0\u00bb400px\u00a0\u00bb custom_margin=\u00a0\u00bb0px||0px||true\u00a0\u00bb custom_padding=\u00a0\u00bb0|0px|0|0px|true|false\u00a0\u00bb top_divider_height=\u00a0\u00bb0px\u00a0\u00bb top_divider_arrangement=\u00a0\u00bbabove_content\u00a0\u00bb][et_pb_row custom_padding=\u00a0\u00bb58px|0px|58px|0px|true|false\u00a0\u00bb custom_margin=\u00a0\u00bb||||true\u00a0\u00bb make_equal=\u00a0\u00bbon\u00a0\u00bb padding_bottom_1=\u00a0\u00bb0px\u00a0\u00bb _builder_version=\u00a0\u00bb3.22.3&Prime; module_alignment=\u00a0\u00bbcenter\u00a0\u00bb][et_pb_column type=\u00a0\u00bb4_4&Prime; _builder_version=\u00a0\u00bb3.0.47&Prime;][et_pb_text _builder_version=\u00a0\u00bb3.22.4&Prime; text_font=\u00a0\u00bbOpen Sans|600|||||||\u00a0\u00bb text_font_size=\u00a0\u00bb16px\u00a0\u00bb text_line_height=\u00a0\u00bb1.8em\u00a0\u00bb header_font=\u00a0\u00bb||||||||\u00a0\u00bb header_2_font_size=\u00a0\u00bb36px\u00a0\u00bb header_2_line_height=\u00a0\u00bb1.4em\u00a0\u00bb text_orientation=\u00a0\u00bbcenter\u00a0\u00bb background_layout=\u00a0\u00bbdark\u00a0\u00bb max_width=\u00a0\u00bb700px\u00a0\u00bb module_alignment=\u00a0\u00bbcenter\u00a0\u00bb custom_padding=\u00a0\u00bb||0px\u00a0\u00bb]<\/p>\n<h3><strong>Nous et notre savoir \u00eatre<br \/> <\/strong><\/h3>\n<h1><strong><\/strong><\/h1>\n<p><strong><\/strong><\/p>\n<h1><strong>La recherche comportementale au service du positif<br \/> <\/strong><\/h1>\n<p><strong><\/strong><\/p>\n<p><strong><\/strong><\/p>\n<p>[\/et_pb_text][\/et_pb_column][\/et_pb_row][\/et_pb_section][et_pb_section fb_built=\u00a0\u00bb1&Prime; _builder_version=\u00a0\u00bb3.22.4&Prime; background_color=\u00a0\u00bb#f0f0f0&Prime; background_color_gradient_direction=\u00a0\u00bb1deg\u00a0\u00bb border_radii=\u00a0\u00bbon|8px|8px|8px|8px\u00a0\u00bb box_shadow_style=\u00a0\u00bbpreset1&Prime; module_alignment=\u00a0\u00bbcenter\u00a0\u00bb custom_margin=\u00a0\u00bb|||0px|true\u00a0\u00bb custom_padding=\u00a0\u00bb120px|0px|120px|0px|true|false\u00a0\u00bb animation_direction=\u00a0\u00bbbottom\u00a0\u00bb][et_pb_row custom_padding=\u00a0\u00bb0px||0px|0px|false|false\u00a0\u00bb custom_margin=\u00a0\u00bb||||true\u00a0\u00bb padding_left_1=\u00a0\u00bb0px\u00a0\u00bb _builder_version=\u00a0\u00bb3.22.4&Prime; background_color_gradient_direction=\u00a0\u00bb120deg\u00a0\u00bb width=\u00a0\u00bb100%\u00a0\u00bb max_width=\u00a0\u00bb100%\u00a0\u00bb module_alignment=\u00a0\u00bbcenter\u00a0\u00bb use_custom_width=\u00a0\u00bbon\u00a0\u00bb width_unit=\u00a0\u00bboff\u00a0\u00bb custom_width_percent=\u00a0\u00bb100%\u00a0\u00bb][et_pb_column type=\u00a0\u00bb1_3&Prime; _builder_version=\u00a0\u00bb3.0.47&Prime;][et_pb_divider color=\u00a0\u00bb#20d0d3&Prime; divider_position=\u00a0\u00bbcenter\u00a0\u00bb divider_weight=\u00a0\u00bb2px\u00a0\u00bb _builder_version=\u00a0\u00bb3.22.4&Prime; max_width=\u00a0\u00bb35%\u00a0\u00bb module_alignment=\u00a0\u00bbleft\u00a0\u00bb height=\u00a0\u00bb0px\u00a0\u00bb custom_margin=\u00a0\u00bb0px||-20px|-30px\u00a0\u00bb custom_padding=\u00a0\u00bb|||0px\u00a0\u00bb][\/et_pb_divider][et_pb_text _builder_version=\u00a0\u00bb3.22.7&Prime; text_font=\u00a0\u00bb||||||||\u00a0\u00bb header_font=\u00a0\u00bb||||||||\u00a0\u00bb header_text_align=\u00a0\u00bbleft\u00a0\u00bb header_text_color=\u00a0\u00bb#000000&Prime; header_font_size=\u00a0\u00bb38px\u00a0\u00bb header_2_font=\u00a0\u00bb||||||||\u00a0\u00bb header_3_font=\u00a0\u00bb||||||||\u00a0\u00bb header_3_text_align=\u00a0\u00bbleft\u00a0\u00bb header_3_text_color=\u00a0\u00bb#444444&Prime; header_3_line_height=\u00a0\u00bb1.7em\u00a0\u00bb header_4_font=\u00a0\u00bb|||on|||||\u00a0\u00bb header_4_text_align=\u00a0\u00bbleft\u00a0\u00bb header_4_text_color=\u00a0\u00bb#444444&Prime; header_4_font_size=\u00a0\u00bb14px\u00a0\u00bb border_color_top=\u00a0\u00bb#00a6cb\u00a0\u00bb border_color_bottom=\u00a0\u00bb#00a6cb\u00a0\u00bb text_orientation=\u00a0\u00bbcenter\u00a0\u00bb max_width=\u00a0\u00bb60%\u00a0\u00bb module_alignment=\u00a0\u00bbright\u00a0\u00bb height=\u00a0\u00bb100px\u00a0\u00bb custom_margin=\u00a0\u00bb|0px||||false\u00a0\u00bb custom_margin_tablet=\u00a0\u00bb20px||\u00a0\u00bb custom_margin_last_edited=\u00a0\u00bbon|desktop\u00a0\u00bb custom_padding=\u00a0\u00bb|0px||||\u00a0\u00bb custom_padding_phone=\u00a0\u00bb20px|||20px\u00a0\u00bb custom_padding_last_edited=\u00a0\u00bbon|tablet\u00a0\u00bb hover_enabled=\u00a0\u00bb0&Prime; custom_padding_tablet=\u00a0\u00bb|||20px\u00a0\u00bb]<\/p>\n<h1><strong>Notre philosophie<span style=\"color: #00a6cb;\"><span style=\"color: #20d0d3;\">.<\/span><\/span><span style=\"color: #00a6cb;\"><br \/> <\/span><\/strong><\/h1>\n<p style=\"text-align: left;\">\n[\/et_pb_text][\/et_pb_column][et_pb_column type=\u00a0\u00bb1_3&Prime; _builder_version=\u00a0\u00bb3.0.47&Prime;][et_pb_text _builder_version=\u00a0\u00bb3.22.6&Prime; text_font=\u00a0\u00bb|600|||||||\u00a0\u00bb header_font=\u00a0\u00bb||||||||\u00a0\u00bb header_2_font=\u00a0\u00bbPoppins||||||||\u00a0\u00bb header_2_font_size=\u00a0\u00bb28px\u00a0\u00bb header_2_line_height=\u00a0\u00bb1.4em\u00a0\u00bb header_3_font=\u00a0\u00bb||||||||\u00a0\u00bb module_alignment=\u00a0\u00bbcenter\u00a0\u00bb custom_margin=\u00a0\u00bb70px||\u00a0\u00bb locked=\u00a0\u00bboff\u00a0\u00bb]<\/p>\n<p><span style=\"font-size: large;\"><strong>Un consommateur est avant tout une personne<\/strong> \u00e0 satisfaire. Connaitre ses besoins, ses motivations permet de r\u00e9ellement r\u00e9pondre \u00e0 ses besoins, ses envies et surtout d&rsquo;\u00eatre <strong>attractif sans forcer la main. <\/strong><\/span><\/p>\n<p><span style=\"font-size: large;\">Nous nous employons \u00e9galement \u00e0 \u00e9tablir une confiance durable entre nos clients et leurs publics en faisant du <strong>marketing respectueux et \u00e9thique.<\/strong><\/span><\/p>\n<p>[\/et_pb_text][\/et_pb_column][et_pb_column type=\u00a0\u00bb1_3&Prime; _builder_version=\u00a0\u00bb3.0.47&Prime;][\/et_pb_column][\/et_pb_row][\/et_pb_section][et_pb_section fb_built=\u00a0\u00bb1&Prime; _builder_version=\u00a0\u00bb3.22.4&Prime; background_color=\u00a0\u00bbrgba(0,0,0,0)\u00a0\u00bb background_color_gradient_direction=\u00a0\u00bb1deg\u00a0\u00bb border_radii=\u00a0\u00bbon|8px|8px|8px|8px\u00a0\u00bb module_alignment=\u00a0\u00bbcenter\u00a0\u00bb custom_margin=\u00a0\u00bb|||0px|true\u00a0\u00bb custom_padding=\u00a0\u00bb120px|0px|120px|0px|true|false\u00a0\u00bb animation_direction=\u00a0\u00bbbottom\u00a0\u00bb][et_pb_row custom_padding=\u00a0\u00bb0px||0px|0px|false|false\u00a0\u00bb custom_margin=\u00a0\u00bb||||true\u00a0\u00bb padding_left_1=\u00a0\u00bb0px\u00a0\u00bb _builder_version=\u00a0\u00bb3.22.4&Prime; background_color_gradient_direction=\u00a0\u00bb120deg\u00a0\u00bb width=\u00a0\u00bb100%\u00a0\u00bb max_width=\u00a0\u00bb100%\u00a0\u00bb module_alignment=\u00a0\u00bbcenter\u00a0\u00bb use_custom_width=\u00a0\u00bbon\u00a0\u00bb width_unit=\u00a0\u00bboff\u00a0\u00bb custom_width_percent=\u00a0\u00bb100%\u00a0\u00bb][et_pb_column type=\u00a0\u00bb1_3&Prime; _builder_version=\u00a0\u00bb3.0.47&Prime;][et_pb_divider color=\u00a0\u00bb#20d0d3&Prime; divider_position=\u00a0\u00bbcenter\u00a0\u00bb divider_weight=\u00a0\u00bb2px\u00a0\u00bb _builder_version=\u00a0\u00bb3.22.6&Prime; width=\u00a0\u00bb30%\u00a0\u00bb max_width=\u00a0\u00bb100%\u00a0\u00bb module_alignment=\u00a0\u00bbleft\u00a0\u00bb height=\u00a0\u00bb0px\u00a0\u00bb custom_margin=\u00a0\u00bb0px||-20px|0px\u00a0\u00bb custom_padding=\u00a0\u00bb|||0px\u00a0\u00bb][\/et_pb_divider][et_pb_text _builder_version=\u00a0\u00bb3.22.7&Prime; text_font=\u00a0\u00bb||||||||\u00a0\u00bb header_font=\u00a0\u00bb||||||||\u00a0\u00bb header_text_align=\u00a0\u00bbleft\u00a0\u00bb header_text_color=\u00a0\u00bb#000000&Prime; header_font_size=\u00a0\u00bb38px\u00a0\u00bb header_2_font=\u00a0\u00bb||||||||\u00a0\u00bb header_3_font=\u00a0\u00bb||||||||\u00a0\u00bb header_3_text_align=\u00a0\u00bbleft\u00a0\u00bb header_3_text_color=\u00a0\u00bb#444444&Prime; header_3_line_height=\u00a0\u00bb1.7em\u00a0\u00bb header_4_font=\u00a0\u00bb|||on|||||\u00a0\u00bb header_4_text_align=\u00a0\u00bbleft\u00a0\u00bb header_4_text_color=\u00a0\u00bb#444444&Prime; header_4_font_size=\u00a0\u00bb14px\u00a0\u00bb border_color_top=\u00a0\u00bb#00a6cb\u00a0\u00bb border_color_bottom=\u00a0\u00bb#00a6cb\u00a0\u00bb text_orientation=\u00a0\u00bbcenter\u00a0\u00bb max_width=\u00a0\u00bb60%\u00a0\u00bb module_alignment=\u00a0\u00bbright\u00a0\u00bb height=\u00a0\u00bb100px\u00a0\u00bb custom_margin=\u00a0\u00bb|0px||||false\u00a0\u00bb custom_margin_last_edited=\u00a0\u00bbon|tablet\u00a0\u00bb custom_padding=\u00a0\u00bb|0px||||\u00a0\u00bb custom_padding_tablet=\u00a0\u00bb20px|||20px\u00a0\u00bb custom_padding_phone=\u00a0\u00bb20px|||20px\u00a0\u00bb custom_padding_last_edited=\u00a0\u00bbon|tablet\u00a0\u00bb hover_enabled=\u00a0\u00bb0&Prime;]<\/p>\n<h1><strong>Plusieurs constats au d\u00e9part <span style=\"color: #00a6cb;\"><span style=\"color: #20d0d3;\">:<\/span><\/span><span style=\"color: #00a6cb;\"><br \/> <\/span><\/strong><\/h1>\n<p style=\"text-align: left;\">\n[\/et_pb_text][\/et_pb_column][et_pb_column type=\u00a0\u00bb1_3&Prime; _builder_version=\u00a0\u00bb3.0.47&Prime;][et_pb_text _builder_version=\u00a0\u00bb3.22.5&Prime; text_font=\u00a0\u00bb||||||||\u00a0\u00bb custom_margin=\u00a0\u00bb70px||\u00a0\u00bb custom_padding=\u00a0\u00bb4px|||5px||\u00a0\u00bb global_module=\u00a0\u00bb215386&Prime;]<\/p>\n<ul>\n<li style=\"text-align: left;\"><span style=\"font-size: large;\">Manque de dialogue entre les diff\u00e9rentes disciplines \u00e9tudiant le comportement.<\/span><\/li>\n<li style=\"text-align: left;\"><span style=\"font-size: large;\">Apport des \u00e9tudes implicites sous-estim\u00e9 (et des sciences cognitives en g\u00e9n\u00e9ral).<\/span><\/li>\n<li style=\"text-align: left;\"><span style=\"font-size: large;\">M\u00e9thodologie des \u00e9tudes souvent n\u00e9glig\u00e9e.<\/span><\/li>\n<\/ul>\n<p style=\"text-align: center;\"><span style=\"font-size: large;\"><\/span><\/p>\n<p style=\"text-align: center;\"><span style=\"font-size: large;\"><\/span><\/p>\n<h3 style=\"text-align: center;\"><span style=\"font-size: x-large;\"><strong><span style=\"color: #20d0d3;\">Nous en faisons nos points forts<\/span><\/strong><\/span><\/h3>\n<p>[\/et_pb_text][\/et_pb_column][et_pb_column type=\u00a0\u00bb1_3&Prime; _builder_version=\u00a0\u00bb3.0.47&Prime;][\/et_pb_column][\/et_pb_row][\/et_pb_section][et_pb_section fb_built=\u00a0\u00bb1&Prime; _builder_version=\u00a0\u00bb3.22.4&Prime; background_color=\u00a0\u00bb#f0f0f0&Prime; background_color_gradient_direction=\u00a0\u00bb1deg\u00a0\u00bb border_radii=\u00a0\u00bbon|8px|8px|8px|8px\u00a0\u00bb box_shadow_style=\u00a0\u00bbpreset1&Prime; module_alignment=\u00a0\u00bbcenter\u00a0\u00bb custom_margin=\u00a0\u00bb|||0px|true\u00a0\u00bb custom_padding=\u00a0\u00bb120px|0px|120px|0px|true|false\u00a0\u00bb animation_direction=\u00a0\u00bbbottom\u00a0\u00bb][et_pb_row custom_padding=\u00a0\u00bb0px||0px|0px|false|false\u00a0\u00bb custom_margin=\u00a0\u00bb||||true\u00a0\u00bb padding_left_1=\u00a0\u00bb0px\u00a0\u00bb _builder_version=\u00a0\u00bb3.22.4&Prime; background_color_gradient_direction=\u00a0\u00bb120deg\u00a0\u00bb width=\u00a0\u00bb100%\u00a0\u00bb max_width=\u00a0\u00bb100%\u00a0\u00bb module_alignment=\u00a0\u00bbcenter\u00a0\u00bb use_custom_width=\u00a0\u00bbon\u00a0\u00bb width_unit=\u00a0\u00bboff\u00a0\u00bb custom_width_percent=\u00a0\u00bb100%\u00a0\u00bb][et_pb_column type=\u00a0\u00bb1_3&Prime; _builder_version=\u00a0\u00bb3.0.47&Prime;][\/et_pb_column][et_pb_column type=\u00a0\u00bb1_3&Prime; _builder_version=\u00a0\u00bb3.0.47&Prime;][et_pb_text _builder_version=\u00a0\u00bb3.22.7&Prime; text_font=\u00a0\u00bb||||||||\u00a0\u00bb header_font=\u00a0\u00bb||||||||\u00a0\u00bb header_text_align=\u00a0\u00bbleft\u00a0\u00bb header_text_color=\u00a0\u00bb#000000&Prime; header_font_size=\u00a0\u00bb38px\u00a0\u00bb header_2_font=\u00a0\u00bb||||||||\u00a0\u00bb header_3_font=\u00a0\u00bb||||||||\u00a0\u00bb header_3_text_align=\u00a0\u00bbleft\u00a0\u00bb header_3_text_color=\u00a0\u00bb#444444&Prime; header_3_line_height=\u00a0\u00bb1.7em\u00a0\u00bb header_4_font=\u00a0\u00bb|||on|||||\u00a0\u00bb header_4_text_align=\u00a0\u00bbleft\u00a0\u00bb header_4_text_color=\u00a0\u00bb#444444&Prime; header_4_font_size=\u00a0\u00bb14px\u00a0\u00bb border_color_top=\u00a0\u00bb#00a6cb\u00a0\u00bb border_color_bottom=\u00a0\u00bb#00a6cb\u00a0\u00bb text_orientation=\u00a0\u00bbcenter\u00a0\u00bb max_width=\u00a0\u00bb100%\u00a0\u00bb height=\u00a0\u00bb100px\u00a0\u00bb custom_margin=\u00a0\u00bb|0px||||false\u00a0\u00bb custom_margin_tablet=\u00a0\u00bb|||\u00a0\u00bb custom_margin_phone=\u00a0\u00bb||\u00a0\u00bb custom_margin_last_edited=\u00a0\u00bbon|desktop\u00a0\u00bb custom_padding=\u00a0\u00bb|0px||||\u00a0\u00bb custom_padding_phone=\u00a0\u00bb||\u00a0\u00bb custom_padding_last_edited=\u00a0\u00bbon|phone\u00a0\u00bb]<\/p>\n<h1 style=\"text-align: center;\"><strong>Qui nous sommes<span style=\"color: #00a6cb;\"><span style=\"color: #20d0d3;\">.<\/span><\/span><span style=\"color: #00a6cb;\"><br \/> <\/span><\/strong><\/h1>\n<p style=\"text-align: left;\">[\/et_pb_text][et_pb_divider color=\u00a0\u00bb#20d0d3&Prime; divider_position=\u00a0\u00bbcenter\u00a0\u00bb divider_weight=\u00a0\u00bb2px\u00a0\u00bb _builder_version=\u00a0\u00bb3.22.7&Prime; max_width=\u00a0\u00bb60%\u00a0\u00bb module_alignment=\u00a0\u00bbcenter\u00a0\u00bb height=\u00a0\u00bb0px\u00a0\u00bb custom_margin=\u00a0\u00bb-16px||-16px||true\u00a0\u00bb custom_padding=\u00a0\u00bb0px||0px|0px|true\u00a0\u00bb][\/et_pb_divider][et_pb_text _builder_version=\u00a0\u00bb3.22.7&Prime; text_font=\u00a0\u00bb|600|||||||\u00a0\u00bb text_line_height=\u00a0\u00bb1.4em\u00a0\u00bb header_font=\u00a0\u00bb||||||||\u00a0\u00bb header_2_font=\u00a0\u00bbPoppins||||||||\u00a0\u00bb header_2_font_size=\u00a0\u00bb28px\u00a0\u00bb header_2_line_height=\u00a0\u00bb1.4em\u00a0\u00bb header_3_font=\u00a0\u00bb||||||||\u00a0\u00bb module_alignment=\u00a0\u00bbcenter\u00a0\u00bb custom_margin=\u00a0\u00bb70px||\u00a0\u00bb custom_padding=\u00a0\u00bb||0px|||\u00a0\u00bb locked=\u00a0\u00bboff\u00a0\u00bb]<\/p>\n<p style=\"text-align: center;\"><span style=\"font-size: x-large;\">Nous sommes passionn\u00e9s et Rigoureux<br \/> <\/span><\/p>\n<p style=\"text-align: center;\"><span style=\"font-size: large;\"><span style=\"font-size: x-large;\">Nous aimons les d\u00e9fis et partager<\/span><br \/> <\/span><\/p>\n<p style=\"text-align: center;\"><span style=\"font-size: large;\"><\/span><\/p>\n<p style=\"text-align: center;\"><span style=\"font-size: large;\"><\/span><\/p>\n<h3 style=\"text-align: center;\"><span style=\"font-size: x-large;\"><strong><span style=\"color: #20d0d3;\"> Au final, nous sommes tous utilisateurs et consommateurs, \u00e0 la recherche de positif et de satisfaction.<\/span><\/strong><\/span><\/h3>\n<p>[\/et_pb_text][\/et_pb_column][et_pb_column type=\u00a0\u00bb1_3&Prime; _builder_version=\u00a0\u00bb3.0.47&Prime;][\/et_pb_column][\/et_pb_row][et_pb_row custom_margin=\u00a0\u00bb80px||\u00a0\u00bb module_class=\u00a0\u00bb et_pb_row_fullwidth\u00a0\u00bb _builder_version=\u00a0\u00bb3.22.4&Prime; width=\u00a0\u00bb94%\u00a0\u00bb width_tablet=\u00a0\u00bb80%\u00a0\u00bb width_last_edited=\u00a0\u00bbon|desktop\u00a0\u00bb max_width=\u00a0\u00bb94%\u00a0\u00bb max_width_tablet=\u00a0\u00bb80%\u00a0\u00bb max_width_last_edited=\u00a0\u00bbon|desktop\u00a0\u00bb module_alignment=\u00a0\u00bbcenter\u00a0\u00bb make_fullwidth=\u00a0\u00bbon\u00a0\u00bb][et_pb_column type=\u00a0\u00bb4_4&Prime; _builder_version=\u00a0\u00bb3.0.47&Prime;][et_pb_team_member name=\u00a0\u00bbK\u00e9vin Roche\u00a0\u00bb image_url=\u00a0\u00bbhttps:\/\/eikonmetrics.fr\/wp-content\/uploads\/2019\/05\/photo-couleur.jpg\u00a0\u00bb linkedin_url=\u00a0\u00bbhttps:\/\/www.linkedin.com\/in\/kevin-roche-69442282&Prime; icon_color=\u00a0\u00bb#00a6cb\u00a0\u00bb _builder_version=\u00a0\u00bb3.22.7&Prime; header_font=\u00a0\u00bbPoppins|600||on|||||\u00a0\u00bb header_font_size=\u00a0\u00bb19px\u00a0\u00bb header_line_height=\u00a0\u00bb1.4em\u00a0\u00bb body_font=\u00a0\u00bb||||||||\u00a0\u00bb body_text_color=\u00a0\u00bb#444444&Prime; body_font_size=\u00a0\u00bb18px\u00a0\u00bb box_shadow_style_image=\u00a0\u00bbpreset1&Prime; box_shadow_blur_image=\u00a0\u00bb0px\u00a0\u00bb box_shadow_spread_image=\u00a0\u00bb-2px\u00a0\u00bb width=\u00a0\u00bb60%\u00a0\u00bb module_alignment=\u00a0\u00bbcenter\u00a0\u00bb custom_margin=\u00a0\u00bb|307px||307px||true\u00a0\u00bb custom_margin_tablet=\u00a0\u00bb|140px||140px||true\u00a0\u00bb custom_margin_phone=\u00a0\u00bb|||0px\u00a0\u00bb custom_margin_last_edited=\u00a0\u00bbon|desktop\u00a0\u00bb custom_padding=\u00a0\u00bb|0px||||\u00a0\u00bb animation_style=\u00a0\u00bbfade\u00a0\u00bb animation_duration=\u00a0\u00bb450ms\u00a0\u00bb animation_delay=\u00a0\u00bb200ms\u00a0\u00bb]<\/p>\n<p><span style=\"font-size: medium;\"><strong><span style=\"color: #5e5e5e;\">Fondateur &amp; G\u00e9rant <\/span><\/strong><\/span><span style=\"font-size: medium;\"><strong><span style=\"color: #5e5e5e;\">Docteur en sciences cognitives<\/span><\/strong><\/span><\/p>\n<p><span style=\"font-size: medium;\"><span style=\"color: #7f7f7f;\">&#8211; Data Scientist comportemental<br \/> &#8211; Sp\u00e9cialiste du comportement non verbal<\/span><\/span><\/p>\n<p>[\/et_pb_team_member][\/et_pb_column][\/et_pb_row][\/et_pb_section]<\/p>\n","protected":false},"excerpt":{"rendered":"<p>Nous et notre savoir \u00eatre La recherche comportementale au service du positif Notre philosophie. Un consommateur est avant tout une personne \u00e0 satisfaire. Connaitre ses besoins, ses motivations permet de r\u00e9ellement r\u00e9pondre \u00e0 ses besoins, ses envies et surtout d&rsquo;\u00eatre attractif sans forcer la main. Nous nous employons \u00e9galement \u00e0 \u00e9tablir une confiance durable entre [&hellip;]<\/p>\n","protected":false},"author":1,"featured_media":0,"parent":0,"menu_order":1,"comment_status":"closed","ping_status":"closed","template":"","meta":{"_et_pb_use_builder":"on","_et_pb_old_content":"","_et_gb_content_width":""},"yoast_head":"<!-- This site is optimized with the Yoast SEO plugin v17.8 - https:\/\/yoast.com\/wordpress\/plugins\/seo\/ -->\n<title>A propos - Eikon metrics<\/title>\n<meta name=\"robots\" content=\"index, follow, max-snippet:-1, max-image-preview:large, max-video-preview:-1\" \/>\n<link rel=\"canonical\" href=\"https:\/\/eikonmetrics.fr\/index.php\/a-propos\/\" \/>\n<meta property=\"og:locale\" content=\"fr_FR\" \/>\n<meta property=\"og:type\" content=\"article\" \/>\n<meta property=\"og:title\" content=\"A propos - Eikon metrics\" \/>\n<meta property=\"og:description\" content=\"Nous et notre savoir \u00eatre La recherche comportementale au service du positif Notre philosophie. Un consommateur est avant tout une personne \u00e0 satisfaire. Connaitre ses besoins, ses motivations permet de r\u00e9ellement r\u00e9pondre \u00e0 ses besoins, ses envies et surtout d&#039;\u00eatre attractif sans forcer la main. Nous nous employons \u00e9galement \u00e0 \u00e9tablir une confiance durable entre [&hellip;]\" \/>\n<meta property=\"og:url\" content=\"https:\/\/eikonmetrics.fr\/index.php\/a-propos\/\" \/>\n<meta property=\"og:site_name\" content=\"Eikon metrics\" \/>\n<meta property=\"article:modified_time\" content=\"2019-05-13T08:35:02+00:00\" \/>\n<meta name=\"twitter:card\" content=\"summary_large_image\" \/>\n<meta name=\"twitter:label1\" content=\"Dur\u00e9e de lecture estim\u00e9e\" \/>\n\t<meta name=\"twitter:data1\" content=\"7 minutes\" \/>\n<script type=\"application\/ld+json\" class=\"yoast-schema-graph\">{\"@context\":\"https:\/\/schema.org\",\"@graph\":[{\"@type\":\"Organization\",\"@id\":\"https:\/\/eikonmetrics.fr\/#organization\",\"name\":\"EIkon metrics\",\"url\":\"https:\/\/eikonmetrics.fr\/\",\"sameAs\":[],\"logo\":{\"@type\":\"ImageObject\",\"@id\":\"https:\/\/eikonmetrics.fr\/#logo\",\"inLanguage\":\"fr-FR\",\"url\":\"https:\/\/eikonmetrics.fr\/wp-content\/uploads\/2019\/05\/Fichier-2@4x.png\",\"contentUrl\":\"https:\/\/eikonmetrics.fr\/wp-content\/uploads\/2019\/05\/Fichier-2@4x.png\",\"width\":894,\"height\":284,\"caption\":\"EIkon metrics\"},\"image\":{\"@id\":\"https:\/\/eikonmetrics.fr\/#logo\"}},{\"@type\":\"WebSite\",\"@id\":\"https:\/\/eikonmetrics.fr\/#website\",\"url\":\"https:\/\/eikonmetrics.fr\/\",\"name\":\"Eikon metrics\",\"description\":\"Human Data\",\"publisher\":{\"@id\":\"https:\/\/eikonmetrics.fr\/#organization\"},\"potentialAction\":[{\"@type\":\"SearchAction\",\"target\":{\"@type\":\"EntryPoint\",\"urlTemplate\":\"https:\/\/eikonmetrics.fr\/?s={search_term_string}\"},\"query-input\":\"required name=search_term_string\"}],\"inLanguage\":\"fr-FR\"},{\"@type\":\"WebPage\",\"@id\":\"https:\/\/eikonmetrics.fr\/index.php\/a-propos\/#webpage\",\"url\":\"https:\/\/eikonmetrics.fr\/index.php\/a-propos\/\",\"name\":\"A propos - Eikon metrics\",\"isPartOf\":{\"@id\":\"https:\/\/eikonmetrics.fr\/#website\"},\"datePublished\":\"2018-10-31T10:30:06+00:00\",\"dateModified\":\"2019-05-13T08:35:02+00:00\",\"breadcrumb\":{\"@id\":\"https:\/\/eikonmetrics.fr\/index.php\/a-propos\/#breadcrumb\"},\"inLanguage\":\"fr-FR\",\"potentialAction\":[{\"@type\":\"ReadAction\",\"target\":[\"https:\/\/eikonmetrics.fr\/index.php\/a-propos\/\"]}]},{\"@type\":\"BreadcrumbList\",\"@id\":\"https:\/\/eikonmetrics.fr\/index.php\/a-propos\/#breadcrumb\",\"itemListElement\":[{\"@type\":\"ListItem\",\"position\":1,\"name\":\"Accueil\",\"item\":\"https:\/\/eikonmetrics.fr\/\"},{\"@type\":\"ListItem\",\"position\":2,\"name\":\"A propos\"}]}]}<\/script>\n<!-- \/ Yoast SEO plugin. -->","yoast_head_json":{"title":"A propos - Eikon metrics","robots":{"index":"index","follow":"follow","max-snippet":"max-snippet:-1","max-image-preview":"max-image-preview:large","max-video-preview":"max-video-preview:-1"},"canonical":"https:\/\/eikonmetrics.fr\/index.php\/a-propos\/","og_locale":"fr_FR","og_type":"article","og_title":"A propos - Eikon metrics","og_description":"Nous et notre savoir \u00eatre La recherche comportementale au service du positif Notre philosophie. Un consommateur est avant tout une personne \u00e0 satisfaire. Connaitre ses besoins, ses motivations permet de r\u00e9ellement r\u00e9pondre \u00e0 ses besoins, ses envies et surtout d'\u00eatre attractif sans forcer la main. Nous nous employons \u00e9galement \u00e0 \u00e9tablir une confiance durable entre [&hellip;]","og_url":"https:\/\/eikonmetrics.fr\/index.php\/a-propos\/","og_site_name":"Eikon metrics","article_modified_time":"2019-05-13T08:35:02+00:00","twitter_card":"summary_large_image","twitter_misc":{"Dur\u00e9e de lecture estim\u00e9e":"7 minutes"},"schema":{"@context":"https:\/\/schema.org","@graph":[{"@type":"Organization","@id":"https:\/\/eikonmetrics.fr\/#organization","name":"EIkon metrics","url":"https:\/\/eikonmetrics.fr\/","sameAs":[],"logo":{"@type":"ImageObject","@id":"https:\/\/eikonmetrics.fr\/#logo","inLanguage":"fr-FR","url":"https:\/\/eikonmetrics.fr\/wp-content\/uploads\/2019\/05\/Fichier-2@4x.png","contentUrl":"https:\/\/eikonmetrics.fr\/wp-content\/uploads\/2019\/05\/Fichier-2@4x.png","width":894,"height":284,"caption":"EIkon metrics"},"image":{"@id":"https:\/\/eikonmetrics.fr\/#logo"}},{"@type":"WebSite","@id":"https:\/\/eikonmetrics.fr\/#website","url":"https:\/\/eikonmetrics.fr\/","name":"Eikon metrics","description":"Human Data","publisher":{"@id":"https:\/\/eikonmetrics.fr\/#organization"},"potentialAction":[{"@type":"SearchAction","target":{"@type":"EntryPoint","urlTemplate":"https:\/\/eikonmetrics.fr\/?s={search_term_string}"},"query-input":"required name=search_term_string"}],"inLanguage":"fr-FR"},{"@type":"WebPage","@id":"https:\/\/eikonmetrics.fr\/index.php\/a-propos\/#webpage","url":"https:\/\/eikonmetrics.fr\/index.php\/a-propos\/","name":"A propos - Eikon metrics","isPartOf":{"@id":"https:\/\/eikonmetrics.fr\/#website"},"datePublished":"2018-10-31T10:30:06+00:00","dateModified":"2019-05-13T08:35:02+00:00","breadcrumb":{"@id":"https:\/\/eikonmetrics.fr\/index.php\/a-propos\/#breadcrumb"},"inLanguage":"fr-FR","potentialAction":[{"@type":"ReadAction","target":["https:\/\/eikonmetrics.fr\/index.php\/a-propos\/"]}]},{"@type":"BreadcrumbList","@id":"https:\/\/eikonmetrics.fr\/index.php\/a-propos\/#breadcrumb","itemListElement":[{"@type":"ListItem","position":1,"name":"Accueil","item":"https:\/\/eikonmetrics.fr\/"},{"@type":"ListItem","position":2,"name":"A propos"}]}]}},"_links":{"self":[{"href":"https:\/\/eikonmetrics.fr\/index.php\/wp-json\/wp\/v2\/pages\/171"}],"collection":[{"href":"https:\/\/eikonmetrics.fr\/index.php\/wp-json\/wp\/v2\/pages"}],"about":[{"href":"https:\/\/eikonmetrics.fr\/index.php\/wp-json\/wp\/v2\/types\/page"}],"author":[{"embeddable":true,"href":"https:\/\/eikonmetrics.fr\/index.php\/wp-json\/wp\/v2\/users\/1"}],"replies":[{"embeddable":true,"href":"https:\/\/eikonmetrics.fr\/index.php\/wp-json\/wp\/v2\/comments?post=171"}],"version-history":[{"count":39,"href":"https:\/\/eikonmetrics.fr\/index.php\/wp-json\/wp\/v2\/pages\/171\/revisions"}],"predecessor-version":[{"id":215952,"href":"https:\/\/eikonmetrics.fr\/index.php\/wp-json\/wp\/v2\/pages\/171\/revisions\/215952"}],"wp:attachment":[{"href":"https:\/\/eikonmetrics.fr\/index.php\/wp-json\/wp\/v2\/media?parent=171"}],"curies":[{"name":"wp","href":"https:\/\/api.w.org\/{rel}","templated":true}]}}